{"id":579,"date":"2022-01-23T10:03:34","date_gmt":"2022-01-23T09:03:34","guid":{"rendered":"https:\/\/pm-advokatfirma.dk\/impressum\/"},"modified":"2024-01-05T13:09:46","modified_gmt":"2024-01-05T12:09:46","slug":"impressum","status":"publish","type":"page","link":"https:\/\/pm-advokatfirma.dk\/da\/impressum\/","title":{"rendered":"Imprint"},"content":{"rendered":"<div class=\"wpb-content-wrapper\"><p>[vc_row][vc_column width=&#8221;1\/1&#8243;][vc_custom_heading text_color=&#8221;color-vyce&#8221; heading_semantic=&#8221;h1&#8243; text_font=&#8221;font-193115&#8243; text_size=&#8221;h3&#8243; text_transform=&#8221;uppercase&#8221; separator=&#8221;yes&#8221; separator_color=&#8221;yes&#8221; uncode_shortcode_id=&#8221;134401&#8243; text_color_type=&#8221;uncode-palette&#8221; subheading=&#8221;(uden privatlivspolitik)&#8221;]IMPRINT EFTER \u00a7 5 TMG[\/vc_custom_heading][vc_column_text uncode_shortcode_id=&#8221;152166&#8243;]<strong>Imprint<\/strong><\/p>\n<p><strong>1. Oplysninger efter telemedielovens \u00a7 5<\/strong><\/p>\n<p>Leverand\u00f8rnavn:<br \/>\nPM Advokatfirma Rechtsanw\u00e4lte Mader Christiansen Dau PartG mbB<\/p>\n<p>Juridisk form, registrering, hjemsted:<br \/>\nPM Advokatfirma Rechtsanw\u00e4lte Mader Christiansen Dau PartG mbB er et advokatfirma med base p\u00e5 Alsterarkaden 13, 20354 Hamburg.<\/p>\n<p>De advokater, der danner interessentskabet, er optaget til praksis i Forbundsrepublikken Tyskland og\/eller i Danmark. Partnerne i interessentskabet er bemyndiget til at repr\u00e6sentere.<\/p>\n<p>Partnere i advokatfirmaet er Patrick Mader, LL.M., Sebastian Christiansen og Alexander Dau. Partnerne er medlemmer af Hamburgs advokatsamfund.<\/p>\n<p><strong>2. Faglige bestemmelser:<\/strong><\/p>\n<p><strong>Advokater:<\/strong><\/p>\n<p>Federal Lawyers\u2019 Act (BRAO), Professional Code (BORA), Specialist Lawyers\u2019 Code (FAO), Federal Lawyers\u2019 Fees (BRAGO), Lawyers\u2019 Fees Act (RVG), professionskodeks for advokater i Det Europ\u00e6iske F\u00e6llesskab, Lov om Aktiviteter for europ\u00e6iske advokater i Tyskland (EuRAG)<\/p>\n<p>Du kan se reglerne p\u00e5 https:\/\/www.brak.de\/anwaltschaft\/berufsrecht\/.<\/p>\n<p>Inden for internationale juridiske transaktioner g\u00e6lder de faglige regler for advokater i det europ\u00e6iske samfund.<br \/>\nLoven om europ\u00e6iske advokaters aktiviteter i Tyskland g\u00e6lder for udenlandske kolleger.<\/p>\n<p><strong>Postadresse:<\/strong><\/p>\n<p>Alsterarkaden 13<br \/>\n20354 Hamborg<\/p>\n<p><strong>Kontaktoplysninger:<\/strong><\/p>\n<p>E-mail: mail@pm-advokatfirma.dk<br \/>\nTelefon: +49 (0)40 57199070<br \/>\nFax: +49 (0)40 571990799<br \/>\nHjemmeside: www.pm-advokatfirma.dk<\/p>\n<p>Bem\u00e6rk om OS-platformen:<\/p>\n<p>Vi tager udgangspunkt i artikel 14 stk. 1 i forordning (EU) 524\/2013 om onlinetvistbil\u00e6ggelse i forbrugersager (ODR-forordning) ved lov for at henvise dig til Europa-Kommissionens europ\u00e6iske onlinetvistbil\u00e6ggelsesplatform (OS-platform). Du kan n\u00e5 dem p\u00e5 http:\/\/ec.europa.eu\/odr (indlejret som et klikbart link).<\/p>\n<p>PM Advokatfirmaet deltager ikke i en tvistbil\u00e6ggelsesprocedure for et forbrugervoldgiftsn\u00e6vn, og vi er ikke forpligtet til at g\u00f8re det.<\/p>\n<p><strong>3. Ansvar<\/strong><\/p>\n<p>Vi er ansvarlige for indholdet af vores hjemmeside i henhold til bestemmelserne i de almindelige love, is\u00e6r efter \u00a7 7, stk. 1, i telemedieloven, ansvarlig. Alt indhold er skabt med beh\u00f8rig omhu og efter vores bedste viden. I det omfang vi henviser til tredjepartshjemmesider p\u00e5 vores hjemmeside via hyperlinks, kan vi ikke garantere, at det linkede indhold altid er opdateret, korrekt og fuldst\u00e6ndigt, da dette indhold ligger uden for vores ansvarsomr\u00e5de, og vi har ingen indflydelse p\u00e5 fremtidigt design. Hvis du mener, at indhold overtr\u00e6der g\u00e6ldende lovgivning eller er upassende, bedes du fort\u00e6lle os det.<\/p>\n<p>De juridiske oplysninger p\u00e5 denne side samt alle sp\u00f8rgsm\u00e5l og tvister i forbindelse med design af denne hjemmeside er underlagt lovgivningen i Forbundsrepublikken Tyskland.<\/p>\n<p><strong>4. Privatliv<\/strong><\/p>\n<p>Vores privatlivspolitik kan findes p\u00e5 www.pm-advokatfirma.dk\/Privatlivspolitik.<\/p>\n<p><strong>5. Ophavsretsmeddelelse<\/strong><\/p>\n<p>Tekster, billeder, fotos, videoer eller grafik p\u00e5 vores hjemmeside er normalt underlagt copyright-beskyttelse. Enhver uautoriseret brug (is\u00e6r kopiering, bearbejdning eller distribution) af dette ophavsretligt beskyttede indhold er derfor forbudt. Hvis du har til hensigt at bruge dette indhold eller en del af det, bedes du kontakte os p\u00e5 forh\u00e5nd ved at bruge oplysningerne ovenfor. Hvis vi ikke selv er ejeren af de n\u00f8dvendige copyright-brugsrettigheder, vil vi bestr\u00e6be os p\u00e5 at bringe dig i kontakt med den retm\u00e6ssige ejer.<\/p>\n<p><strong>6. Profiler p\u00e5 sociale medier<\/strong><\/p>\n<p>Dette aftryk g\u00e6lder ogs\u00e5 for f\u00f8lgende sociale medieprofiler:<\/p>\n<p>\u2013 LinkedIn[\/vc_column_text][\/vc_column][\/vc_row]<\/p>\n<\/div>","protected":false},"excerpt":{"rendered":"<p>[vc_row][vc_column width=&#8221;1\/1&#8243;][vc_custom_heading text_color=&#8221;color-vyce&#8221; heading_semantic=&#8221;h1&#8243; text_font=&#8221;font-193115&#8243; text_size=&#8221;h3&#8243; text_transform=&#8221;uppercase&#8221; separator=&#8221;yes&#8221; separator_color=&#8221;yes&#8221; uncode_shortcode_id=&#8221;134401&#8243; text_color_type=&#8221;uncode-palette&#8221; subheading=&#8221;(uden privatlivspolitik)&#8221;]IMPRINT EFTER \u00a7 5 TMG[\/vc_custom_heading][vc_column_text uncode_shortcode_id=&#8221;152166&#8243;]Imprint 1. Oplysninger [&hellip;]<\/p>\n","protected":false},"author":1,"featured_media":0,"parent":0,"menu_order":0,"comment_status":"closed","ping_status":"closed","template":"","meta":{"footnotes":""},"class_list":["post-579","page","type-page","status-publish","hentry"],"_links":{"self":[{"href":"https:\/\/pm-advokatfirma.dk\/da\/wp-json\/wp\/v2\/pages\/579"}],"collection":[{"href":"https:\/\/pm-advokatfirma.dk\/da\/wp-json\/wp\/v2\/pages"}],"about":[{"href":"https:\/\/pm-advokatfirma.dk\/da\/wp-json\/wp\/v2\/types\/page"}],"author":[{"embeddable":true,"href":"https:\/\/pm-advokatfirma.dk\/da\/wp-json\/wp\/v2\/users\/1"}],"replies":[{"embeddable":true,"href":"https:\/\/pm-advokatfirma.dk\/da\/wp-json\/wp\/v2\/comments?post=579"}],"version-history":[{"count":23,"href":"https:\/\/pm-advokatfirma.dk\/da\/wp-json\/wp\/v2\/pages\/579\/revisions"}],"predecessor-version":[{"id":2078,"href":"https:\/\/pm-advokatfirma.dk\/da\/wp-json\/wp\/v2\/pages\/579\/revisions\/2078"}],"wp:attachment":[{"href":"https:\/\/pm-advokatfirma.dk\/da\/wp-json\/wp\/v2\/media?parent=579"}],"curies":[{"name":"wp","href":"https:\/\/api.w.org\/{rel}","templated":true}]}}